{"id":34,"date":"2019-11-03T15:05:00","date_gmt":"2019-11-03T13:05:00","guid":{"rendered":"https:\/\/relaunch.gutfuertoenisvorst.de\/?page_id=34"},"modified":"2023-06-19T09:34:57","modified_gmt":"2023-06-19T07:34:57","slug":"wir-ueber-uns","status":"publish","type":"page","link":"https:\/\/gemeinschaft-unabhaengiger-toenisvorster.de\/index.php\/wir-ueber-uns\/","title":{"rendered":"Wir \u00fcber uns"},"content":{"rendered":"<div class=\"shariff shariff-align-left shariff-widget-align-left shariff-buttonstretch\" style=\"display:none\"><ul class=\"shariff-buttons theme-color orientation-horizontal buttonsize-small\"><li class=\"shariff-button mailto shariff-nocustomcolor\" style=\"background-color:#a8a8a8\"><a href=\"mailto:?body=https%3A%2F%2Fgemeinschaft-unabhaengiger-toenisvorster.de%2Findex.php%2Fwir-ueber-uns%2F&subject=Wir%20%C3%BCber%20uns\" title=\"Per E-Mail versenden\" aria-label=\"Per E-Mail versenden\" role=\"button\" rel=\"noopener nofollow\" class=\"shariff-link\" style=\"; background-color:#999; color:#fff\"><span class=\"shariff-icon\" style=\"\"><svg width=\"32px\" height=\"20px\" xmlns=\"http:\/\/www.w3.org\/2000\/svg\" viewBox=\"0 0 32 32\"><path fill=\"#999\" d=\"M32 12.7v14.2q0 1.2-0.8 2t-2 0.9h-26.3q-1.2 0-2-0.9t-0.8-2v-14.2q0.8 0.9 1.8 1.6 6.5 4.4 8.9 6.1 1 0.8 1.6 1.2t1.7 0.9 2 0.4h0.1q0.9 0 2-0.4t1.7-0.9 1.6-1.2q3-2.2 8.9-6.1 1-0.7 1.8-1.6zM32 7.4q0 1.4-0.9 2.7t-2.2 2.2q-6.7 4.7-8.4 5.8-0.2 0.1-0.7 0.5t-1 0.7-0.9 0.6-1.1 0.5-0.9 0.2h-0.1q-0.4 0-0.9-0.2t-1.1-0.5-0.9-0.6-1-0.7-0.7-0.5q-1.6-1.1-4.7-3.2t-3.6-2.6q-1.1-0.7-2.1-2t-1-2.5q0-1.4 0.7-2.3t2.1-0.9h26.3q1.2 0 2 0.8t0.9 2z\"\/><\/svg><\/span><span class=\"shariff-text\">E-Mail<\/span>&nbsp;<\/a><\/li><li class=\"shariff-button printer shariff-nocustomcolor\" style=\"background-color:#a8a8a8\"><a href=\"javascript:window.print()\" title=\"drucken\" aria-label=\"drucken\" role=\"button\" rel=\"noopener nofollow\" class=\"shariff-link\" style=\"; background-color:#999; color:#fff\"><span class=\"shariff-icon\" style=\"\"><svg width=\"32px\" height=\"20px\" xmlns=\"http:\/\/www.w3.org\/2000\/svg\" viewBox=\"0 0 30 32\"><path fill=\"#999\" d=\"M6.8 27.4h16v-4.6h-16v4.6zM6.8 16h16v-6.8h-2.8q-0.7 0-1.2-0.5t-0.5-1.2v-2.8h-11.4v11.4zM27.4 17.2q0-0.5-0.3-0.8t-0.8-0.4-0.8 0.4-0.3 0.8 0.3 0.8 0.8 0.3 0.8-0.3 0.3-0.8zM29.7 17.2v7.4q0 0.2-0.2 0.4t-0.4 0.2h-4v2.8q0 0.7-0.5 1.2t-1.2 0.5h-17.2q-0.7 0-1.2-0.5t-0.5-1.2v-2.8h-4q-0.2 0-0.4-0.2t-0.2-0.4v-7.4q0-1.4 1-2.4t2.4-1h1.2v-9.7q0-0.7 0.5-1.2t1.2-0.5h12q0.7 0 1.6 0.4t1.3 0.8l2.7 2.7q0.5 0.5 0.9 1.4t0.4 1.6v4.6h1.1q1.4 0 2.4 1t1 2.4z\"\/><\/svg><\/span><span class=\"shariff-text\">drucken<\/span>&nbsp;<\/a><\/li><li class=\"shariff-button facebook shariff-nocustomcolor\" style=\"background-color:#4273c8\"><a href=\"https:\/\/www.facebook.com\/sharer\/sharer.php?u=https%3A%2F%2Fgemeinschaft-unabhaengiger-toenisvorster.de%2Findex.php%2Fwir-ueber-uns%2F\" title=\"Bei Facebook teilen\" aria-label=\"Bei Facebook teilen\" role=\"button\" rel=\"nofollow\" class=\"shariff-link\" style=\"; background-color:#3b5998; color:#fff\" target=\"_blank\"><span class=\"shariff-icon\" style=\"\"><svg width=\"32px\" height=\"20px\" xmlns=\"http:\/\/www.w3.org\/2000\/svg\" viewBox=\"0 0 18 32\"><path fill=\"#3b5998\" d=\"M17.1 0.2v4.7h-2.8q-1.5 0-2.1 0.6t-0.5 1.9v3.4h5.2l-0.7 5.3h-4.5v13.6h-5.5v-13.6h-4.5v-5.3h4.5v-3.9q0-3.3 1.9-5.2t5-1.8q2.6 0 4.1 0.2z\"\/><\/svg><\/span><span class=\"shariff-text\">teilen<\/span>&nbsp;<\/a><\/li><li class=\"shariff-button twitter shariff-nocustomcolor\" style=\"background-color:#595959\"><a href=\"https:\/\/twitter.com\/share?url=https%3A%2F%2Fgemeinschaft-unabhaengiger-toenisvorster.de%2Findex.php%2Fwir-ueber-uns%2F&text=Wir%20%C3%BCber%20uns\" title=\"Bei X teilen\" aria-label=\"Bei X teilen\" role=\"button\" rel=\"noopener nofollow\" class=\"shariff-link\" style=\"; background-color:#000; color:#fff\" target=\"_blank\"><span class=\"shariff-icon\" style=\"\"><svg width=\"32px\" height=\"20px\" xmlns=\"http:\/\/www.w3.org\/2000\/svg\" viewBox=\"0 0 24 24\"><path fill=\"#000\" d=\"M14.258 10.152L23.176 0h-2.113l-7.747 8.813L7.133 0H0l9.352 13.328L0 23.973h2.113l8.176-9.309 6.531 9.309h7.133zm-2.895 3.293l-.949-1.328L2.875 1.56h3.246l6.086 8.523.945 1.328 7.91 11.078h-3.246zm0 0\"\/><\/svg><\/span><span class=\"shariff-text\">teilen<\/span>&nbsp;<\/a><\/li><li class=\"shariff-button whatsapp shariff-nocustomcolor\" style=\"background-color:#5cbe4a\"><a href=\"https:\/\/api.whatsapp.com\/send?text=https%3A%2F%2Fgemeinschaft-unabhaengiger-toenisvorster.de%2Findex.php%2Fwir-ueber-uns%2F%20Wir%20%C3%BCber%20uns\" title=\"Bei Whatsapp teilen\" aria-label=\"Bei Whatsapp teilen\" role=\"button\" rel=\"noopener nofollow\" class=\"shariff-link\" style=\"; background-color:#34af23; color:#fff\" target=\"_blank\"><span class=\"shariff-icon\" style=\"\"><svg width=\"32px\" height=\"20px\" xmlns=\"http:\/\/www.w3.org\/2000\/svg\" viewBox=\"0 0 32 32\"><path fill=\"#34af23\" d=\"M17.6 17.4q0.2 0 1.7 0.8t1.6 0.9q0 0.1 0 0.3 0 0.6-0.3 1.4-0.3 0.7-1.3 1.2t-1.8 0.5q-1 0-3.4-1.1-1.7-0.8-3-2.1t-2.6-3.3q-1.3-1.9-1.3-3.5v-0.1q0.1-1.6 1.3-2.8 0.4-0.4 0.9-0.4 0.1 0 0.3 0t0.3 0q0.3 0 0.5 0.1t0.3 0.5q0.1 0.4 0.6 1.6t0.4 1.3q0 0.4-0.6 1t-0.6 0.8q0 0.1 0.1 0.3 0.6 1.3 1.8 2.4 1 0.9 2.7 1.8 0.2 0.1 0.4 0.1 0.3 0 1-0.9t0.9-0.9zM14 26.9q2.3 0 4.3-0.9t3.6-2.4 2.4-3.6 0.9-4.3-0.9-4.3-2.4-3.6-3.6-2.4-4.3-0.9-4.3 0.9-3.6 2.4-2.4 3.6-0.9 4.3q0 3.6 2.1 6.6l-1.4 4.2 4.3-1.4q2.8 1.9 6.2 1.9zM14 2.2q2.7 0 5.2 1.1t4.3 2.9 2.9 4.3 1.1 5.2-1.1 5.2-2.9 4.3-4.3 2.9-5.2 1.1q-3.5 0-6.5-1.7l-7.4 2.4 2.4-7.2q-1.9-3.2-1.9-6.9 0-2.7 1.1-5.2t2.9-4.3 4.3-2.9 5.2-1.1z\"\/><\/svg><\/span><span class=\"shariff-text\">teilen<\/span>&nbsp;<\/a><\/li><li class=\"shariff-button telegram shariff-nocustomcolor\" style=\"background-color:#4084A6\"><a href=\"https:\/\/telegram.me\/share\/url?url=https%3A%2F%2Fgemeinschaft-unabhaengiger-toenisvorster.de%2Findex.php%2Fwir-ueber-uns%2F&text=Wir%20%C3%BCber%20uns\" title=\"Bei Telegram teilen\" aria-label=\"Bei Telegram teilen\" role=\"button\" rel=\"noopener nofollow\" class=\"shariff-link\" style=\"; background-color:#0088cc; color:#fff\" target=\"_blank\"><span class=\"shariff-icon\" style=\"\"><svg width=\"32px\" height=\"20px\" xmlns=\"http:\/\/www.w3.org\/2000\/svg\" viewBox=\"0 0 32 32\"><path fill=\"#0088cc\" d=\"M30.8 6.5l-4.5 21.4c-.3 1.5-1.2 1.9-2.5 1.2L16.9 24l-3.3 3.2c-.4.4-.7.7-1.4.7l.5-7L25.5 9.2c.6-.5-.1-.8-.9-.3l-15.8 10L2 16.7c-1.5-.5-1.5-1.5.3-2.2L28.9 4.3c1.3-.5 2.3.3 1.9 2.2z\"\/><\/svg><\/span><span class=\"shariff-text\">teilen<\/span>&nbsp;<\/a><\/li><li class=\"shariff-button threema shariff-nocustomcolor shariff-mobile\" style=\"background-color:#4fbc24\"><a href=\"threema:\/\/compose?text=Wir%20%C3%BCber%20uns%20https%3A%2F%2Fgemeinschaft-unabhaengiger-toenisvorster.de%2Findex.php%2Fwir-ueber-uns%2F\" title=\"Bei Threema teilen\" aria-label=\"Bei Threema teilen\" role=\"button\" rel=\"noopener nofollow\" class=\"shariff-link\" style=\"; background-color:#1f1f1f; color:#fff\" target=\"_blank\"><span class=\"shariff-icon\" style=\"\"><svg width=\"32px\" height=\"20px\" xmlns=\"http:\/\/www.w3.org\/2000\/svg\" viewBox=\"0 0 32 32\"><path fill=\"#1f1f1f\" d=\"M30.8 10.9c-0.3-1.4-0.9-2.6-1.8-3.8-2-2.6-5.5-4.5-9.4-5.2-1.3-0.2-1.9-0.3-3.5-0.3s-2.2 0-3.5 0.3c-4 0.7-7.4 2.6-9.4 5.2-0.9 1.2-1.5 2.4-1.8 3.8-0.1 0.5-0.2 1.2-0.2 1.6 0 0.4 0.1 1.1 0.2 1.6 0.4 1.9 1.3 3.4 2.9 5 0.8 0.8 0.8 0.8 0.7 1.3 0 0.6-0.5 1.6-1.7 3.6-0.3 0.5-0.5 0.9-0.5 0.9 0 0.1 0.1 0.1 0.5 0 0.8-0.2 2.3-0.6 5.6-1.6 1.1-0.3 1.3-0.4 2.3-0.4 0.8 0 1.1 0 2.3 0.2 1.5 0.2 3.5 0.2 4.9 0 5.1-0.6 9.3-2.9 11.4-6.3 0.5-0.9 0.9-1.8 1.1-2.8 0.1-0.5 0.2-1.1 0.2-1.6 0-0.7-0.1-1.1-0.2-1.6-0.3-1.4 0.1 0.5 0 0zM20.6 17.3c0 0.4-0.4 0.8-0.8 0.8h-7.7c-0.4 0-0.8-0.4-0.8-0.8v-4.6c0-0.4 0.4-0.8 0.8-0.8h0.2l0-1.6c0-0.9 0-1.8 0.1-2 0.1-0.6 0.6-1.2 1.1-1.7s1.1-0.7 1.9-0.8c1.8-0.3 3.7 0.7 4.2 2.2 0.1 0.3 0.1 0.7 0.1 2.1v0 1.7h0.1c0.4 0 0.8 0.4 0.8 0.8v4.6zM15.6 7.3c-0.5 0.1-0.8 0.3-1.2 0.6s-0.6 0.8-0.7 1.3c0 0.2 0 0.8 0 1.5l0 1.2h4.6v-1.3c0-1 0-1.4-0.1-1.6-0.3-1.1-1.5-1.9-2.6-1.7zM25.8 28.2c0 1.2-1 2.2-2.1 2.2s-2.1-1-2.1-2.1c0-1.2 1-2.1 2.2-2.1s2.2 1 2.2 2.2zM18.1 28.2c0 1.2-1 2.2-2.1 2.2s-2.1-1-2.1-2.1c0-1.2 1-2.1 2.2-2.1s2.2 1 2.2 2.2zM10.4 28.2c0 1.2-1 2.2-2.1 2.2s-2.1-1-2.1-2.1c0-1.2 1-2.1 2.2-2.1s2.2 1 2.2 2.2z\"\/><\/svg><\/span><span class=\"shariff-text\">teilen<\/span>&nbsp;<\/a><\/li><li class=\"shariff-button info shariff-nocustomcolor\" style=\"background-color:#a8a8a8\"><a href=\"http:\/\/ct.de\/-2467514\" title=\"Weitere Informationen\" aria-label=\"Weitere Informationen\" role=\"button\" rel=\"noopener \" class=\"shariff-link\" style=\"; background-color:#999; color:#fff\" target=\"_blank\"><span class=\"shariff-icon\" style=\"\"><svg width=\"32px\" height=\"20px\" xmlns=\"http:\/\/www.w3.org\/2000\/svg\" viewBox=\"0 0 11 32\"><path fill=\"#999\" d=\"M11.4 24v2.3q0 0.5-0.3 0.8t-0.8 0.4h-9.1q-0.5 0-0.8-0.4t-0.4-0.8v-2.3q0-0.5 0.4-0.8t0.8-0.4h1.1v-6.8h-1.1q-0.5 0-0.8-0.4t-0.4-0.8v-2.3q0-0.5 0.4-0.8t0.8-0.4h6.8q0.5 0 0.8 0.4t0.4 0.8v10.3h1.1q0.5 0 0.8 0.4t0.3 0.8zM9.2 3.4v3.4q0 0.5-0.4 0.8t-0.8 0.4h-4.6q-0.4 0-0.8-0.4t-0.4-0.8v-3.4q0-0.4 0.4-0.8t0.8-0.4h4.6q0.5 0 0.8 0.4t0.4 0.8z\"\/><\/svg><\/span><\/a><\/li><\/ul><\/div>\n<h2 class=\"wp-block-heading\">Herzlich willkommen bei der Gemeinschaft Unabh\u00e4ngiger T\u00f6nisvorster e.V.<\/h2>\n\n\n\n<p>Unabh\u00e4ngig von Bundes- oder Landespolitik engagieren sich in der Gemeinschaft Unabh\u00e4ngiger T\u00f6nisvorster, Menschen unter dem Motto \u201eGemeinsam f\u00fcr unsere Stadt \u2013 GUT f\u00fcr T\u00f6nisvorst!\u201c Wir arbeiten f\u00fcr gemeinsame Ideen und Anliegen, aber in erster Linie f\u00fcr unsere gemeinsame Heimat \u2013 f\u00fcr T\u00f6nisvorst. Informieren Sie sich auf den folgenden Seiten \u00fcber unsere Inhalte, unsere Ziele und die Menschen, die diese f\u00fcr Sie \u2013 oder am besten mit Ihnen \u2013 erreichen wollen. Erfahren Sie wer wir sind und was wir wollen Und wann immer Sie eine Frage haben sprechen Sie uns an, hier oder auch pers\u00f6nlich im Rathaus, in der Fu\u00dfg\u00e4ngerzone oder im Supermarkt, denn wir machen Politik von B\u00fcrgern f\u00fcr B\u00fcrger!<\/p>\n\n\n\n<h2 class=\"wp-block-heading\">Die Ziele der GUT<\/h2>\n\n\n\n<p><strong>&#8222;Gemeinsam f\u00fcr unsere Stadt &#8211; GUT f\u00fcr T\u00f6nisvorst&#8220;<\/strong>, setzen wir uns f\u00fcr eine nachhaltige und zukunftsorientierte Entwicklung von T\u00f6nisvorst ein. Unsere Hauptziele sind die F\u00f6rderung von Umweltschutz, sozialer Gerechtigkeit und einer transparenten Kommunalpolitik.<\/p>\n\n\n\n<p>Was bedeutet f\u00fcr uns transparente Kommunalpolitik: Die GUT setzt sich f\u00fcr eine offene und b\u00fcrgernahe Informationspolitik ein und fordert die B\u00fcrgerinnen und B\u00fcrger aktiv zur Teilnahme an politischen Prozessen auf. Nur wer die Hintergr\u00fcnde kennt, kann Entscheidungen nachvollziehen. Wir m\u00f6chten alle daran teilhaben lassen!<br><br>Auch wenn wir nicht immer die Mehrheit daf\u00fcr sicher haben, ist die GUT bestrebt, ihre Ziele und Ideen in der Kommunalpolitik von T\u00f6nisvorst umzusetzen und eine langfristige, positive Ver\u00e4nderung f\u00fcr die Stadt und ihre Einwohnerinnen und Einwohner zu bewirken.<\/p>\n\n\n\n<h2 class=\"wp-block-heading\">Die Geschichte der GUT<\/h2>\n\n\n\n<p>Noch eine Partei in T\u00f6nisvorst? &#8211; Keine Partei &#8211;&nbsp;eine W\u00e4hlergruppe!<\/p>\n\n\n\n<p>Die GUT &#8211; Gemeinschaft Unabh\u00e4ngiger T\u00f6nisvorster &#8211; wurde gegr\u00fcndet, um zur Kommunalwahl ausschlie\u00dflich in T\u00f6nisvorst anzutreten. Denn Wahlvorschl\u00e4ge zur Kommunalwahl k\u00f6nnen nach den gesetzlichen Regelungen in Nordrhein-Westfalen sowohl von politischen Parteien als auch von W\u00e4hlergruppen und von Einzelbewerbern eingereicht werden.<\/p>\n\n\n\n<p>Der Gr\u00fcndung der W\u00e4hlergruppe am 10.11.2008 vorausgegangen war der geschlossene Austritt der Mitglieder der Fraktion B\u00fcndnis 90\/ Die Gr\u00fcnen im Rat der Stadt T\u00f6nisvorst aus der Partei B\u00fcndnis 90\/ Die Gr\u00fcnen. Die Stadtverordneten Herbert Derksen, Edith Furthmann, Harald Gerland und Peter Lindackers schlossen sich zur neuen Fraktion mit der kurzen und griffigen Bezeichnung &#8222;GUT &#8211; Gemeinschaft Unabh\u00e4ngiger T\u00f6nisvorster&#8220; zusammen .<\/p>\n\n\n\n<h4 class=\"wp-block-heading\">Was war passiert?<\/h4>\n\n\n\n<p>Wer wollte, konnte schon im November 2008 aus der Presse erfahren, dass und warum sich die GUT &#8211; Gemeinschaft Unabh\u00e4ngiger T\u00f6nisvorster &#8211; gegr\u00fcndet hat. Hier ein kurzer \u00dcberblick \u00fcber die Ereignisse 2008:<\/p>\n\n\n\n<p>Vor der Mitgliederversammlung des Ortsverbands der Gr\u00fcnen T\u00f6nisvorst im Fr\u00fchjahr 2008 kam es zu einem &#8211; damals als erfreulich angesehenen &#8211; Parteieintritt vieler neuer Mitglieder, die vorher anderweitig politisch engagiert waren. Mehrere dieser Neumitglieder bekundeten ihr Interesse an der Vorstandsarbeit bei den Gr\u00fcnen und wurden von den Mitgliedern auch mit Vorstandsposten betraut.<\/p>\n\n\n\n<p>Es folgten monatliche Vorstandssitzungen bis September 2008. Doch bei diesen Vorstandssitzungen ging es nur am Rande um die Vorbereitungen zur Kommunalwahl, die damals noch f\u00fcr Juni 2009 vorgesehen war. Einige der neuen Vorstandsmitglieder stellten leider die inhaltliche Arbeit innerhalb des Vorstandes eher hinten an. Nachdem erst ein Vorstandsmitglied zur\u00fcckgetreten war, folgten andere. Die Fraktion forderte den R\u00fccktritt von Teilen des Vorstandes und beantragte eine au\u00dferordentliche Mitgliederversammlung.<\/p>\n\n\n\n<p>Inzwischen waren weitere Mitglieder angeworben und auch in den Ortsverband der Gr\u00fcnen aufgenommen worden. Der Restvorstand versuchte wegen rechtlicher Bedenken \u00fcber den Kreisvorstand und den Landesverband der Gr\u00fcnen diese &#8222;Neu-Mitglieder-Schwemme&#8220; einzud\u00e4mmen, doch Kreis und Landesorganisation reagierten nicht. Bei einer Mitgliederversammlung der Gr\u00fcnen in T\u00f6nisvorst am 28. Oktober 2008 traten dann, wie erwartet, viele neue Gesichter auf, die zuvor im gr\u00fcnen Umfeld nie erschienen waren. <\/p>\n\n\n<div class=\"wp-block-image\">\n<figure class=\"aligncenter size-large\"><img loading=\"lazy\" decoding=\"async\" width=\"1024\" height=\"320\" src=\"http:\/\/gemeinschaft-unabhaengiger-toenisvorster.de\/wp-content\/uploads\/2020\/05\/gut_gruendung-1024x320.png\" alt=\"\" class=\"wp-image-254\" srcset=\"https:\/\/gemeinschaft-unabhaengiger-toenisvorster.de\/wp-content\/uploads\/2020\/05\/gut_gruendung-1024x320.png 1024w, https:\/\/gemeinschaft-unabhaengiger-toenisvorster.de\/wp-content\/uploads\/2020\/05\/gut_gruendung-300x94.png 300w, https:\/\/gemeinschaft-unabhaengiger-toenisvorster.de\/wp-content\/uploads\/2020\/05\/gut_gruendung-768x240.png 768w, https:\/\/gemeinschaft-unabhaengiger-toenisvorster.de\/wp-content\/uploads\/2020\/05\/gut_gruendung-1536x480.png 1536w, https:\/\/gemeinschaft-unabhaengiger-toenisvorster.de\/wp-content\/uploads\/2020\/05\/gut_gruendung.png 2000w\" sizes=\"auto, (max-width: 1024px) 100vw, 1024px\" \/><figcaption class=\"wp-element-caption\">Gr\u00fcnder und GUT-Mitglieder der ersten Stunde: v.l.n.r. Peter Lindackers, Herbert Derksen (hinten), Daniel Ponten, Klaus Furtmann, Edith Furtmann, Harald Gerland, Barbara Ulrike Juch<\/figcaption><\/figure>\n<\/div>\n\n\n<h4 class=\"wp-block-heading\">Gr\u00fcndung der GUT<\/h4>\n\n\n\n<p>All jenen &#8222;Vormals-Gr\u00fcnen&#8220; aber, denen ihre Politik f\u00fcr T\u00f6nisvorst auch nach diesen Ereignissen am Herzen lag, beschlossen, sich zu einer Alternative zu formieren, um unbeeinflusst und unabh\u00e4ngig gr\u00fcne Politik in T\u00f6nisvorst fortzusetzen. Die Fraktion machte den Anfang. Dann folgte die Gr\u00fcndung der W\u00e4hlergruppe. Mit der Gr\u00fcndung der GUT &#8211; Gemeinschaft Unabh\u00e4ngiger T\u00f6nisvorster &#8211; hatten die W\u00e4hlerinnen und W\u00e4hler seinerzeit diese M\u00f6glichkeit zur\u00fcckerhalten. <\/p>\n\n\n\n<p>Die Gemeinschaft Unabh\u00e4ngiger T\u00f6nisvorster, der heute neben fast allen &#8222;Altgr\u00fcnen&#8220; der ersten Generation inzwischen auch viele neue Mitglieder, die ehemals der CDU, SPD, FDP oder UWT nahe standen, angeh\u00f6ren, bekennt sich zur Demokratie, zum Grundgesetz, zur Politik \u00f6kologischer, sozialer und \u00f6konomischer Nachhaltigkeit und zur Gewaltfreiheit. Die GUT ist frei von Parteien- und Fraktionszwang und lehnt extrem rechte oder extrem linke politische Positionen ab und sie l\u00e4dt alle Interessierten zur Mitarbeit ein, denn <strong>GUT f\u00fcr T\u00f6nisvorst ist gut f\u00fcr jeden einzelnen B\u00fcrger, gemeinsam f\u00fcr unsere Stadt.<\/strong><\/p>\n","protected":false},"excerpt":{"rendered":"<p>Herzlich willkommen bei der Gemeinschaft Unabh\u00e4ngiger T\u00f6nisvorster e.V. Unabh\u00e4ngig von Bundes- oder Landespolitik engagieren sich in der Gemeinschaft Unabh\u00e4ngiger T\u00f6nisvorster, Menschen unter dem Motto \u201eGemeinsam f\u00fcr unsere Stadt \u2013 GUT f\u00fcr T\u00f6nisvorst!\u201c Wir arbeiten f\u00fcr[&#8230;]<\/p>\n","protected":false},"author":2,"featured_media":254,"parent":0,"menu_order":0,"comment_status":"closed","ping_status":"closed","template":"","meta":{"footnotes":""},"class_list":["post-34","page","type-page","status-publish","has-post-thumbnail","hentry"],"_links":{"self":[{"href":"https:\/\/gemeinschaft-unabhaengiger-toenisvorster.de\/index.php\/wp-json\/wp\/v2\/pages\/34","targetHints":{"allow":["GET"]}}],"collection":[{"href":"https:\/\/gemeinschaft-unabhaengiger-toenisvorster.de\/index.php\/wp-json\/wp\/v2\/pages"}],"about":[{"href":"https:\/\/gemeinschaft-unabhaengiger-toenisvorster.de\/index.php\/wp-json\/wp\/v2\/types\/page"}],"author":[{"embeddable":true,"href":"https:\/\/gemeinschaft-unabhaengiger-toenisvorster.de\/index.php\/wp-json\/wp\/v2\/users\/2"}],"replies":[{"embeddable":true,"href":"https:\/\/gemeinschaft-unabhaengiger-toenisvorster.de\/index.php\/wp-json\/wp\/v2\/comments?post=34"}],"version-history":[{"count":9,"href":"https:\/\/gemeinschaft-unabhaengiger-toenisvorster.de\/index.php\/wp-json\/wp\/v2\/pages\/34\/revisions"}],"predecessor-version":[{"id":2049,"href":"https:\/\/gemeinschaft-unabhaengiger-toenisvorster.de\/index.php\/wp-json\/wp\/v2\/pages\/34\/revisions\/2049"}],"wp:featuredmedia":[{"embeddable":true,"href":"https:\/\/gemeinschaft-unabhaengiger-toenisvorster.de\/index.php\/wp-json\/wp\/v2\/media\/254"}],"wp:attachment":[{"href":"https:\/\/gemeinschaft-unabhaengiger-toenisvorster.de\/index.php\/wp-json\/wp\/v2\/media?parent=34"}],"curies":[{"name":"wp","href":"https:\/\/api.w.org\/{rel}","templated":true}]}}